{"id":4079,"date":"2025-05-05T09:55:12","date_gmt":"2025-05-05T09:55:12","guid":{"rendered":"https:\/\/jcwgroup.com\/services\/"},"modified":"2025-12-19T10:19:14","modified_gmt":"2025-12-19T10:19:14","slug":"services","status":"publish","type":"page","link":"https:\/\/jcwgroup.com\/de\/services\/","title":{"rendered":"Unser Angebot"},"content":{"rendered":"\n  <section class=\"py-14 md:py-20 \" >\n    <div class=\"holder\">\n      <div class=\"flex flex-wrap gap-4 [&amp;&gt;a]:md:w-[calc(33.333333%-0.667rem)] [&amp;&gt;div]:md:w-[calc(33.333333%-0.667rem)]\">\n        \n          \n          <a class=\"w-full h-65 md:h-160 relative overflow-hidden group\"  href=\"\/de\/services\/permanent\/\" target=\"\">\n                          <img decoding=\"async\" class=\"w-full h-full object-cover\" src=\"https:\/\/jcwgroup.com\/wp-content\/uploads\/2025\/06\/2151106284.jpg\" alt=\"Festanstellungen\" \/>\n            \n                          <div class=\"min-w-56 text-center absolute top-1\/2 -translate-y-1\/2 left-1\/2 -translate-x-1\/2 text-2xl transition-all duration-500 leading-none text-dark-green bg-white py-3 px-6 group-hover:opacity-0\">\n                Festanstellungen              <\/div>\n            \n            <div class=\"pb-5 space-y-4 absolute p-4 md:p-8 left-0 top-0 w-full h-full bg-black\/50 backdrop-blur-xs flex items-center flex-col justify-center opacity-0 scale-105 group-hover:scale-100 group-hover:opacity-100 transition-all duration-500 cornnerTop\">\n                              <div class=\"space-y-3 text-white text-center relative\"><p>Wir vermitteln Finanz-, Risiko- und Governance-Fachkr\u00e4fte in Festanstellung, die nachhaltige Wirkung erzielen \u2013 und bringen Talente mit Kultur, Kompetenz und Wachstumszielen in Einklang.<\/p>\n<\/div>\n              \n                              <span class=\"text-white absolute bottom-5 left-1\/2 -translate-x-1\/2 after:w-full after:absolute after:h-px after:bg-white after:bottom-0 after:left-0 mt-auto block\">Festanstellungen<\/span>\n              \n              <span class=\"cornnerBottom absolute w-full bottom-0 left-0\"><\/span>\n            <\/div>\n          <\/a>\n        \n          \n          <a class=\"w-full h-65 md:h-160 relative overflow-hidden group\"  href=\"\/de\/services\/temporary-workforce-solution\/\" target=\"\">\n                          <img decoding=\"async\" class=\"w-full h-full object-cover\" src=\"https:\/\/jcwgroup.com\/wp-content\/uploads\/2025\/06\/2151002648.jpg\" alt=\"Interim\" \/>\n            \n                          <div class=\"min-w-56 text-center absolute top-1\/2 -translate-y-1\/2 left-1\/2 -translate-x-1\/2 text-2xl transition-all duration-500 leading-none text-dark-green bg-white py-3 px-6 group-hover:opacity-0\">\n                Interim              <\/div>\n            \n            <div class=\"pb-5 space-y-4 absolute p-4 md:p-8 left-0 top-0 w-full h-full bg-black\/50 backdrop-blur-xs flex items-center flex-col justify-center opacity-0 scale-105 group-hover:scale-100 group-hover:opacity-100 transition-all duration-500 cornnerTop\">\n                              <div class=\"space-y-3 text-white text-center relative\"><p>Schnelle Bereitstellung qualifizierter Spezialisten in freiberuflicher T\u00e4tigkeit, sowie Arbeitnehmer\u00fcberlassung f\u00fcr kurzfristige Bedarfe, Projektumsetzungen oder Vertretungen \u2013 flexible Talentl\u00f6sungen ohne Kompromisse bei der Qualit\u00e4t.<\/p>\n<\/div>\n              \n                              <span class=\"text-white absolute bottom-5 left-1\/2 -translate-x-1\/2 after:w-full after:absolute after:h-px after:bg-white after:bottom-0 after:left-0 mt-auto block\">Interim L\u00f6sungen<\/span>\n              \n              <span class=\"cornnerBottom absolute w-full bottom-0 left-0\"><\/span>\n            <\/div>\n          <\/a>\n        \n          \n          <a class=\"w-full h-65 md:h-160 relative overflow-hidden group\"  href=\"\/de\/services\/search\/\" target=\"\">\n                          <img decoding=\"async\" class=\"w-full h-full object-cover\" src=\"https:\/\/jcwgroup.com\/wp-content\/uploads\/2025\/06\/1592.jpg\" alt=\"Executive Search\" \/>\n            \n                          <div class=\"min-w-56 text-center absolute top-1\/2 -translate-y-1\/2 left-1\/2 -translate-x-1\/2 text-2xl transition-all duration-500 leading-none text-dark-green bg-white py-3 px-6 group-hover:opacity-0\">\n                Executive Search              <\/div>\n            \n            <div class=\"pb-5 space-y-4 absolute p-4 md:p-8 left-0 top-0 w-full h-full bg-black\/50 backdrop-blur-xs flex items-center flex-col justify-center opacity-0 scale-105 group-hover:scale-100 group-hover:opacity-100 transition-all duration-500 cornnerTop\">\n                              <div class=\"space-y-3 text-white text-center relative\"><p>Ma\u00dfgeschneiderte Executive Search Angebote f\u00fcr F\u00fchrungskr\u00e4fte oder geheime Suchen \u2013 diskret und gr\u00fcndlich.<\/p>\n<\/div>\n              \n                              <span class=\"text-white absolute bottom-5 left-1\/2 -translate-x-1\/2 after:w-full after:absolute after:h-px after:bg-white after:bottom-0 after:left-0 mt-auto block\">Executive Search<\/span>\n              \n              <span class=\"cornnerBottom absolute w-full bottom-0 left-0\"><\/span>\n            <\/div>\n          <\/a>\n              <\/div>\n    <\/div>\n  <\/section>\n","protected":false},"excerpt":{"rendered":"","protected":false},"author":2,"featured_media":1066,"parent":0,"menu_order":88,"comment_status":"closed","ping_status":"closed","template":"","meta":{"_acf_changed":true,"inline_featured_image":false,"footnotes":""},"class_list":["post-4079","page","type-page","status-publish","has-post-thumbnail","hentry"],"acf":[],"yoast_head":"<!-- This site is optimized with the Yoast SEO plugin v27.1.1 - https:\/\/yoast.com\/product\/yoast-seo-wordpress\/ -->\n<title>Unser Angebot | JCW Group<\/title>\n<meta name=\"robots\" content=\"index, follow, max-snippet:-1, max-image-preview:large, max-video-preview:-1\" \/>\n<link rel=\"canonical\" href=\"https:\/\/jcwgroup.com\/de\/services\/\" \/>\n<meta property=\"og:locale\" content=\"de_DE\" \/>\n<meta property=\"og:type\" content=\"article\" \/>\n<meta property=\"og:title\" content=\"Unser Angebot | JCW Group\" \/>\n<meta property=\"og:url\" content=\"https:\/\/jcwgroup.com\/de\/services\/\" \/>\n<meta property=\"og:site_name\" content=\"JCW Group\" \/>\n<meta property=\"article:modified_time\" content=\"2025-12-19T10:19:14+00:00\" \/>\n<meta property=\"og:image\" content=\"https:\/\/jcwgroup.com\/wp-content\/uploads\/2025\/06\/19552.jpg\" \/>\n\t<meta property=\"og:image:width\" content=\"1500\" \/>\n\t<meta property=\"og:image:height\" content=\"981\" \/>\n\t<meta property=\"og:image:type\" content=\"image\/jpeg\" \/>\n<meta name=\"twitter:card\" content=\"summary_large_image\" \/>\n<meta name=\"twitter:label1\" content=\"Gesch\u00e4tzte Lesezeit\" \/>\n\t<meta name=\"twitter:data1\" content=\"2\u00a0Minuten\" \/>\n<script type=\"application\/ld+json\" class=\"yoast-schema-graph\">{\"@context\":\"https:\/\/schema.org\",\"@graph\":[{\"@type\":\"WebPage\",\"@id\":\"https:\/\/jcwgroup.com\/de\/services\/\",\"url\":\"https:\/\/jcwgroup.com\/de\/services\/\",\"name\":\"Unser Angebot | JCW Group\",\"isPartOf\":{\"@id\":\"https:\/\/jcwgroup.com\/#website\"},\"primaryImageOfPage\":{\"@id\":\"https:\/\/jcwgroup.com\/de\/services\/#primaryimage\"},\"image\":{\"@id\":\"https:\/\/jcwgroup.com\/de\/services\/#primaryimage\"},\"thumbnailUrl\":\"https:\/\/jcwgroup.com\/wp-content\/uploads\/2025\/06\/19552.jpg\",\"datePublished\":\"2025-05-05T09:55:12+00:00\",\"dateModified\":\"2025-12-19T10:19:14+00:00\",\"breadcrumb\":{\"@id\":\"https:\/\/jcwgroup.com\/de\/services\/#breadcrumb\"},\"inLanguage\":\"de\",\"potentialAction\":[{\"@type\":\"ReadAction\",\"target\":[\"https:\/\/jcwgroup.com\/de\/services\/\"]}]},{\"@type\":\"ImageObject\",\"inLanguage\":\"de\",\"@id\":\"https:\/\/jcwgroup.com\/de\/services\/#primaryimage\",\"url\":\"https:\/\/jcwgroup.com\/wp-content\/uploads\/2025\/06\/19552.jpg\",\"contentUrl\":\"https:\/\/jcwgroup.com\/wp-content\/uploads\/2025\/06\/19552.jpg\",\"width\":1500,\"height\":981},{\"@type\":\"BreadcrumbList\",\"@id\":\"https:\/\/jcwgroup.com\/de\/services\/#breadcrumb\",\"itemListElement\":[{\"@type\":\"ListItem\",\"position\":1,\"name\":\"Home\",\"item\":\"https:\/\/jcwgroup.com\/de\/\"},{\"@type\":\"ListItem\",\"position\":2,\"name\":\"Unser Angebot\"}]},{\"@type\":\"WebSite\",\"@id\":\"https:\/\/jcwgroup.com\/#website\",\"url\":\"https:\/\/jcwgroup.com\/\",\"name\":\"JCW Group\",\"description\":\"\",\"publisher\":{\"@id\":\"https:\/\/jcwgroup.com\/#organization\"},\"potentialAction\":[{\"@type\":\"SearchAction\",\"target\":{\"@type\":\"EntryPoint\",\"urlTemplate\":\"https:\/\/jcwgroup.com\/?s={search_term_string}\"},\"query-input\":{\"@type\":\"PropertyValueSpecification\",\"valueRequired\":true,\"valueName\":\"search_term_string\"}}],\"inLanguage\":\"de\"},{\"@type\":\"Organization\",\"@id\":\"https:\/\/jcwgroup.com\/#organization\",\"name\":\"JCW Group\",\"url\":\"https:\/\/jcwgroup.com\/\",\"logo\":{\"@type\":\"ImageObject\",\"inLanguage\":\"de\",\"@id\":\"https:\/\/jcwgroup.com\/#\/schema\/logo\/image\/\",\"url\":\"https:\/\/jcwgroup.com\/wp-content\/uploads\/2025\/05\/logo-1.svg\",\"contentUrl\":\"https:\/\/jcwgroup.com\/wp-content\/uploads\/2025\/05\/logo-1.svg\",\"width\":135,\"height\":90,\"caption\":\"JCW Group\"},\"image\":{\"@id\":\"https:\/\/jcwgroup.com\/#\/schema\/logo\/image\/\"},\"sameAs\":[\"https:\/\/uk.linkedin.com\/company\/jcwgroup\"]}]}<\/script>\n<!-- \/ Yoast SEO plugin. -->","yoast_head_json":{"title":"Unser Angebot | JCW Group","robots":{"index":"index","follow":"follow","max-snippet":"max-snippet:-1","max-image-preview":"max-image-preview:large","max-video-preview":"max-video-preview:-1"},"canonical":"https:\/\/jcwgroup.com\/de\/services\/","og_locale":"de_DE","og_type":"article","og_title":"Unser Angebot | JCW Group","og_url":"https:\/\/jcwgroup.com\/de\/services\/","og_site_name":"JCW Group","article_modified_time":"2025-12-19T10:19:14+00:00","og_image":[{"width":1500,"height":981,"url":"https:\/\/jcwgroup.com\/wp-content\/uploads\/2025\/06\/19552.jpg","type":"image\/jpeg"}],"twitter_card":"summary_large_image","twitter_misc":{"Gesch\u00e4tzte Lesezeit":"2\u00a0Minuten"},"schema":{"@context":"https:\/\/schema.org","@graph":[{"@type":"WebPage","@id":"https:\/\/jcwgroup.com\/de\/services\/","url":"https:\/\/jcwgroup.com\/de\/services\/","name":"Unser Angebot | JCW Group","isPartOf":{"@id":"https:\/\/jcwgroup.com\/#website"},"primaryImageOfPage":{"@id":"https:\/\/jcwgroup.com\/de\/services\/#primaryimage"},"image":{"@id":"https:\/\/jcwgroup.com\/de\/services\/#primaryimage"},"thumbnailUrl":"https:\/\/jcwgroup.com\/wp-content\/uploads\/2025\/06\/19552.jpg","datePublished":"2025-05-05T09:55:12+00:00","dateModified":"2025-12-19T10:19:14+00:00","breadcrumb":{"@id":"https:\/\/jcwgroup.com\/de\/services\/#breadcrumb"},"inLanguage":"de","potentialAction":[{"@type":"ReadAction","target":["https:\/\/jcwgroup.com\/de\/services\/"]}]},{"@type":"ImageObject","inLanguage":"de","@id":"https:\/\/jcwgroup.com\/de\/services\/#primaryimage","url":"https:\/\/jcwgroup.com\/wp-content\/uploads\/2025\/06\/19552.jpg","contentUrl":"https:\/\/jcwgroup.com\/wp-content\/uploads\/2025\/06\/19552.jpg","width":1500,"height":981},{"@type":"BreadcrumbList","@id":"https:\/\/jcwgroup.com\/de\/services\/#breadcrumb","itemListElement":[{"@type":"ListItem","position":1,"name":"Home","item":"https:\/\/jcwgroup.com\/de\/"},{"@type":"ListItem","position":2,"name":"Unser Angebot"}]},{"@type":"WebSite","@id":"https:\/\/jcwgroup.com\/#website","url":"https:\/\/jcwgroup.com\/","name":"JCW Group","description":"","publisher":{"@id":"https:\/\/jcwgroup.com\/#organization"},"potentialAction":[{"@type":"SearchAction","target":{"@type":"EntryPoint","urlTemplate":"https:\/\/jcwgroup.com\/?s={search_term_string}"},"query-input":{"@type":"PropertyValueSpecification","valueRequired":true,"valueName":"search_term_string"}}],"inLanguage":"de"},{"@type":"Organization","@id":"https:\/\/jcwgroup.com\/#organization","name":"JCW Group","url":"https:\/\/jcwgroup.com\/","logo":{"@type":"ImageObject","inLanguage":"de","@id":"https:\/\/jcwgroup.com\/#\/schema\/logo\/image\/","url":"https:\/\/jcwgroup.com\/wp-content\/uploads\/2025\/05\/logo-1.svg","contentUrl":"https:\/\/jcwgroup.com\/wp-content\/uploads\/2025\/05\/logo-1.svg","width":135,"height":90,"caption":"JCW Group"},"image":{"@id":"https:\/\/jcwgroup.com\/#\/schema\/logo\/image\/"},"sameAs":["https:\/\/uk.linkedin.com\/company\/jcwgroup"]}]}},"_links":{"self":[{"href":"https:\/\/jcwgroup.com\/de\/wp-json\/wp\/v2\/pages\/4079","targetHints":{"allow":["GET"]}}],"collection":[{"href":"https:\/\/jcwgroup.com\/de\/wp-json\/wp\/v2\/pages"}],"about":[{"href":"https:\/\/jcwgroup.com\/de\/wp-json\/wp\/v2\/types\/page"}],"author":[{"embeddable":true,"href":"https:\/\/jcwgroup.com\/de\/wp-json\/wp\/v2\/users\/2"}],"replies":[{"embeddable":true,"href":"https:\/\/jcwgroup.com\/de\/wp-json\/wp\/v2\/comments?post=4079"}],"version-history":[{"count":0,"href":"https:\/\/jcwgroup.com\/de\/wp-json\/wp\/v2\/pages\/4079\/revisions"}],"wp:featuredmedia":[{"embeddable":true,"href":"https:\/\/jcwgroup.com\/de\/wp-json\/wp\/v2\/media\/1066"}],"wp:attachment":[{"href":"https:\/\/jcwgroup.com\/de\/wp-json\/wp\/v2\/media?parent=4079"}],"curies":[{"name":"wp","href":"https:\/\/api.w.org\/{rel}","templated":true}]}}