{"id":4162,"date":"2025-12-11T19:20:46","date_gmt":"2025-12-11T19:20:46","guid":{"rendered":"https:\/\/jcwstg.wpenginepowered.com\/?page_id=4162"},"modified":"2025-12-11T19:20:47","modified_gmt":"2025-12-11T19:20:47","slug":"impressum","status":"publish","type":"page","link":"https:\/\/jcwgroup.com\/de\/impressum\/","title":{"rendered":"Impressum"},"content":{"rendered":"\n<h3 class=\"wp-block-heading\">1.\u00a0Angaben gem\u00e4\u00df \u00a7 5 Digitale-Dienste-Gesetz<\/h3>\n\n\n\n<p>Name des Anbieters: JCW Search GmbH<\/p>\n\n\n\n<p>Rechtsform, Registrierung, Sitz: Die JCW GmbH ist eine Gesellschaft mit beschr\u00e4nkter Haftung nach Ma\u00dfgabe des GmbH-Gesetzes mit Sitz in Frankfurt am Main, eingetragen im Handelsregister des Amtsgerichts Frankfurt am Main unter der Nummer HRB 112584.<\/p>\n\n\n\n<p>Umsatzsteuer-Identifikationsnummer (\u00a7 27a Umsatzsteuergesetzes): DE328465877<\/p>\n\n\n\n<p>Vertretungsberechtigter: James Clive Wickham Woods<\/p>\n\n\n\n<p>Postanschrift: Neue Mainzer Stra\u00dfe 75, 60311 Frankfurt am Main, Deutschland<\/p>\n\n\n\n<p>Kontaktdaten:<\/p>\n\n\n\n<p>E-Mail: <a href=\"mailto:info-de@jcwgroup.com\">info-de@jcwgroup.com<\/a><\/p>\n\n\n\n<p>Telefon: +49 (0)69 94189133<\/p>\n\n\n\n<h3 class=\"wp-block-heading\">2. Haftung<\/h3>\n\n\n\n<p>Wir sind f\u00fcr die Inhalte unserer Internetseiten nach den Ma\u00dfgaben der allgemeinen Gesetze verantwortlich. Alle Inhalte werden mit der gebotenen Sorgfalt und nach bestem Wissen erstellt und dienen lediglich rein informativen Zwecken. Soweit wir auf unseren Internetseiten mittels Hyperlink auf Internetseiten Dritter verweisen, k\u00f6nnen wir keine Gew\u00e4hr f\u00fcr die fortw\u00e4hrende Aktualit\u00e4t, Richtigkeit und Vollst\u00e4ndigkeit der verlinkten Inhalte \u00fcbernehmen, da diese Inhalte au\u00dferhalb unseres Verantwortungsbereichs liegen und wir auf die zuk\u00fcnftige Gestaltung keinen Einfluss haben. Sollten aus Ihrer Sicht Inhalte gegen geltendes Recht versto\u00dfen oder unangemessen sein, teilen Sie uns dies bitte mit.<\/p>\n\n\n\n<p>Die rechtlichen Hinweise auf dieser Seite sowie alle Fragen und Streitigkeiten im Zusammenhang mit der Gestaltung dieser Internetseite unterliegen dem Recht der Bundesrepublik Deutschland.<\/p>\n\n\n\n<h3 class=\"wp-block-heading\">3.\u00a0Datenschutz<\/h3>\n\n\n\n<p>Unsere Datenschutzhinweise finden Sie unter (<a href=\"https:\/\/jcwgroup.com\/de\/privacy-policy\/\">Link<\/a>).(<a>Dort finden Sie auch die Kontaktdaten unseres Datenschutzbeauftragten.)<\/a><\/p>\n\n\n\n<h3 class=\"wp-block-heading\">4. Urheberrechtshinweis<\/h3>\n\n\n\n<p>Die auf unserer Internetseite vorhandenen Texte, Bilder, Fotos, Videos oder Grafiken unterliegen in der Regel dem Schutz des Urheberrechts. Jede unberechtigte Verwendung (insbesondere die Vervielf\u00e4ltigung, Bearbeitung oder Verbreitung) dieser urheberrechtsgesch\u00fctzten Inhalte ist daher untersagt. Wenn Sie beabsichtigen, diese Inhalte oder Teile davon zu verwenden, kontaktieren Sie uns bitte im Voraus unter den obenstehenden Angaben. Soweit wir nicht selbst Inhaber der ben\u00f6tigten urheberrechtlichen Nutzungsrechte sein sollten, bem\u00fchen wir uns, einen Kontakt zum Berechtigten zu vermitteln.<\/p>\n\n\n\n<hr class=\"wp-block-separator has-alpha-channel-opacity\"\/>\n\n\n\n<p><a id=\"_msocom_1\"><\/a><\/p>\n\n\n\n<p><\/p>\n\n\n\n<p><\/p>\n","protected":false},"excerpt":{"rendered":"<p>1.\u00a0Angaben gem\u00e4\u00df \u00a7 5 Digitale-Dienste-Gesetz Name des Anbieters: JCW Search GmbH Rechtsform, Registrierung, Sitz: Die JCW GmbH ist eine Gesellschaft mit beschr\u00e4nkter Haftung nach Ma\u00dfgabe des GmbH-Gesetzes mit Sitz in Frankfurt am Main, eingetragen im Handelsregister des Amtsgerichts Frankfurt am Main unter der Nummer HRB 112584. Umsatzsteuer-Identifikationsnummer (\u00a7 27a Umsatzsteuergesetzes): DE328465877 Vertretungsberechtigter: James Clive Wickham [&hellip;]<\/p>\n","protected":false},"author":8,"featured_media":0,"parent":0,"menu_order":1,"comment_status":"closed","ping_status":"closed","template":"","meta":{"_acf_changed":true,"inline_featured_image":false,"footnotes":""},"class_list":["post-4162","page","type-page","status-publish","hentry"],"acf":[],"yoast_head":"<!-- This site is optimized with the Yoast SEO plugin v27.3 - https:\/\/yoast.com\/product\/yoast-seo-wordpress\/ -->\n<title>Impressum | JCW Group<\/title>\n<meta name=\"robots\" content=\"index, follow, max-snippet:-1, max-image-preview:large, max-video-preview:-1\" \/>\n<link rel=\"canonical\" href=\"https:\/\/jcwgroup.com\/de\/impressum\/\" \/>\n<meta property=\"og:locale\" content=\"de_DE\" \/>\n<meta property=\"og:type\" content=\"article\" \/>\n<meta property=\"og:title\" content=\"Impressum | JCW Group\" \/>\n<meta property=\"og:description\" content=\"1.\u00a0Angaben gem\u00e4\u00df \u00a7 5 Digitale-Dienste-Gesetz Name des Anbieters: JCW Search GmbH Rechtsform, Registrierung, Sitz: Die JCW GmbH ist eine Gesellschaft mit beschr\u00e4nkter Haftung nach Ma\u00dfgabe des GmbH-Gesetzes mit Sitz in Frankfurt am Main, eingetragen im Handelsregister des Amtsgerichts Frankfurt am Main unter der Nummer HRB 112584. Umsatzsteuer-Identifikationsnummer (\u00a7 27a Umsatzsteuergesetzes): DE328465877 Vertretungsberechtigter: James Clive Wickham [&hellip;]\" \/>\n<meta property=\"og:url\" content=\"https:\/\/jcwgroup.com\/de\/impressum\/\" \/>\n<meta property=\"og:site_name\" content=\"JCW Group\" \/>\n<meta property=\"article:modified_time\" content=\"2025-12-11T19:20:47+00:00\" \/>\n<meta name=\"twitter:card\" content=\"summary_large_image\" \/>\n<meta name=\"twitter:label1\" content=\"Gesch\u00e4tzte Lesezeit\" \/>\n\t<meta name=\"twitter:data1\" content=\"2\u00a0Minuten\" \/>\n<script type=\"application\/ld+json\" class=\"yoast-schema-graph\">{\"@context\":\"https:\\\/\\\/schema.org\",\"@graph\":[{\"@type\":\"WebPage\",\"@id\":\"https:\\\/\\\/jcwgroup.com\\\/de\\\/impressum\\\/\",\"url\":\"https:\\\/\\\/jcwgroup.com\\\/de\\\/impressum\\\/\",\"name\":\"Impressum | JCW Group\",\"isPartOf\":{\"@id\":\"https:\\\/\\\/jcwgroup.com\\\/#website\"},\"datePublished\":\"2025-12-11T19:20:46+00:00\",\"dateModified\":\"2025-12-11T19:20:47+00:00\",\"breadcrumb\":{\"@id\":\"https:\\\/\\\/jcwgroup.com\\\/de\\\/impressum\\\/#breadcrumb\"},\"inLanguage\":\"de\",\"potentialAction\":[{\"@type\":\"ReadAction\",\"target\":[\"https:\\\/\\\/jcwgroup.com\\\/de\\\/impressum\\\/\"]}]},{\"@type\":\"BreadcrumbList\",\"@id\":\"https:\\\/\\\/jcwgroup.com\\\/de\\\/impressum\\\/#breadcrumb\",\"itemListElement\":[{\"@type\":\"ListItem\",\"position\":1,\"name\":\"Home\",\"item\":\"https:\\\/\\\/jcwgroup.com\\\/de\\\/\"},{\"@type\":\"ListItem\",\"position\":2,\"name\":\"Impressum\"}]},{\"@type\":\"WebSite\",\"@id\":\"https:\\\/\\\/jcwgroup.com\\\/#website\",\"url\":\"https:\\\/\\\/jcwgroup.com\\\/\",\"name\":\"JCW Group\",\"description\":\"\",\"publisher\":{\"@id\":\"https:\\\/\\\/jcwgroup.com\\\/#organization\"},\"potentialAction\":[{\"@type\":\"SearchAction\",\"target\":{\"@type\":\"EntryPoint\",\"urlTemplate\":\"https:\\\/\\\/jcwgroup.com\\\/?s={search_term_string}\"},\"query-input\":{\"@type\":\"PropertyValueSpecification\",\"valueRequired\":true,\"valueName\":\"search_term_string\"}}],\"inLanguage\":\"de\"},{\"@type\":\"Organization\",\"@id\":\"https:\\\/\\\/jcwgroup.com\\\/#organization\",\"name\":\"JCW Group\",\"url\":\"https:\\\/\\\/jcwgroup.com\\\/\",\"logo\":{\"@type\":\"ImageObject\",\"inLanguage\":\"de\",\"@id\":\"https:\\\/\\\/jcwgroup.com\\\/#\\\/schema\\\/logo\\\/image\\\/\",\"url\":\"https:\\\/\\\/jcwgroup.com\\\/wp-content\\\/uploads\\\/2025\\\/05\\\/logo-1.svg\",\"contentUrl\":\"https:\\\/\\\/jcwgroup.com\\\/wp-content\\\/uploads\\\/2025\\\/05\\\/logo-1.svg\",\"width\":135,\"height\":90,\"caption\":\"JCW Group\"},\"image\":{\"@id\":\"https:\\\/\\\/jcwgroup.com\\\/#\\\/schema\\\/logo\\\/image\\\/\"},\"sameAs\":[\"https:\\\/\\\/uk.linkedin.com\\\/company\\\/jcwgroup\"]}]}<\/script>\n<!-- \/ Yoast SEO plugin. -->","yoast_head_json":{"title":"Impressum | JCW Group","robots":{"index":"index","follow":"follow","max-snippet":"max-snippet:-1","max-image-preview":"max-image-preview:large","max-video-preview":"max-video-preview:-1"},"canonical":"https:\/\/jcwgroup.com\/de\/impressum\/","og_locale":"de_DE","og_type":"article","og_title":"Impressum | JCW Group","og_description":"1.\u00a0Angaben gem\u00e4\u00df \u00a7 5 Digitale-Dienste-Gesetz Name des Anbieters: JCW Search GmbH Rechtsform, Registrierung, Sitz: Die JCW GmbH ist eine Gesellschaft mit beschr\u00e4nkter Haftung nach Ma\u00dfgabe des GmbH-Gesetzes mit Sitz in Frankfurt am Main, eingetragen im Handelsregister des Amtsgerichts Frankfurt am Main unter der Nummer HRB 112584. Umsatzsteuer-Identifikationsnummer (\u00a7 27a Umsatzsteuergesetzes): DE328465877 Vertretungsberechtigter: James Clive Wickham [&hellip;]","og_url":"https:\/\/jcwgroup.com\/de\/impressum\/","og_site_name":"JCW Group","article_modified_time":"2025-12-11T19:20:47+00:00","twitter_card":"summary_large_image","twitter_misc":{"Gesch\u00e4tzte Lesezeit":"2\u00a0Minuten"},"schema":{"@context":"https:\/\/schema.org","@graph":[{"@type":"WebPage","@id":"https:\/\/jcwgroup.com\/de\/impressum\/","url":"https:\/\/jcwgroup.com\/de\/impressum\/","name":"Impressum | JCW Group","isPartOf":{"@id":"https:\/\/jcwgroup.com\/#website"},"datePublished":"2025-12-11T19:20:46+00:00","dateModified":"2025-12-11T19:20:47+00:00","breadcrumb":{"@id":"https:\/\/jcwgroup.com\/de\/impressum\/#breadcrumb"},"inLanguage":"de","potentialAction":[{"@type":"ReadAction","target":["https:\/\/jcwgroup.com\/de\/impressum\/"]}]},{"@type":"BreadcrumbList","@id":"https:\/\/jcwgroup.com\/de\/impressum\/#breadcrumb","itemListElement":[{"@type":"ListItem","position":1,"name":"Home","item":"https:\/\/jcwgroup.com\/de\/"},{"@type":"ListItem","position":2,"name":"Impressum"}]},{"@type":"WebSite","@id":"https:\/\/jcwgroup.com\/#website","url":"https:\/\/jcwgroup.com\/","name":"JCW Group","description":"","publisher":{"@id":"https:\/\/jcwgroup.com\/#organization"},"potentialAction":[{"@type":"SearchAction","target":{"@type":"EntryPoint","urlTemplate":"https:\/\/jcwgroup.com\/?s={search_term_string}"},"query-input":{"@type":"PropertyValueSpecification","valueRequired":true,"valueName":"search_term_string"}}],"inLanguage":"de"},{"@type":"Organization","@id":"https:\/\/jcwgroup.com\/#organization","name":"JCW Group","url":"https:\/\/jcwgroup.com\/","logo":{"@type":"ImageObject","inLanguage":"de","@id":"https:\/\/jcwgroup.com\/#\/schema\/logo\/image\/","url":"https:\/\/jcwgroup.com\/wp-content\/uploads\/2025\/05\/logo-1.svg","contentUrl":"https:\/\/jcwgroup.com\/wp-content\/uploads\/2025\/05\/logo-1.svg","width":135,"height":90,"caption":"JCW Group"},"image":{"@id":"https:\/\/jcwgroup.com\/#\/schema\/logo\/image\/"},"sameAs":["https:\/\/uk.linkedin.com\/company\/jcwgroup"]}]}},"_links":{"self":[{"href":"https:\/\/jcwgroup.com\/de\/wp-json\/wp\/v2\/pages\/4162","targetHints":{"allow":["GET"]}}],"collection":[{"href":"https:\/\/jcwgroup.com\/de\/wp-json\/wp\/v2\/pages"}],"about":[{"href":"https:\/\/jcwgroup.com\/de\/wp-json\/wp\/v2\/types\/page"}],"author":[{"embeddable":true,"href":"https:\/\/jcwgroup.com\/de\/wp-json\/wp\/v2\/users\/8"}],"replies":[{"embeddable":true,"href":"https:\/\/jcwgroup.com\/de\/wp-json\/wp\/v2\/comments?post=4162"}],"version-history":[{"count":0,"href":"https:\/\/jcwgroup.com\/de\/wp-json\/wp\/v2\/pages\/4162\/revisions"}],"wp:attachment":[{"href":"https:\/\/jcwgroup.com\/de\/wp-json\/wp\/v2\/media?parent=4162"}],"curies":[{"name":"wp","href":"https:\/\/api.w.org\/{rel}","templated":true}]}}